{"id":59,"date":"2012-05-04T16:21:44","date_gmt":"2012-05-04T14:21:44","guid":{"rendered":"http:\/\/sanasi.se\/?page_id=59"},"modified":"2012-05-04T18:38:16","modified_gmt":"2012-05-04T16:38:16","slug":"om-bloggen","status":"publish","type":"page","link":"https:\/\/sanasi.se\/index.php\/om-bloggen\/","title":{"rendered":"Om Bloggen"},"content":{"rendered":"<p>Jag har startat den h\u00e4r bloggen f\u00f6r att f\u00f6rs\u00f6ka l\u00e4ra mig mig att skriva igen. Hitta orden jag av n\u00e5gon anledning har tappat bort.<\/p>\n<p>P\u00e5 nytt l\u00e4ra mig skriva texter som \u00e4r l\u00e4ngre \u00e4n statusuppdateringarna p\u00e5 Facebook, eller 140-teckenkomprimerade twitterinl\u00e4gg. Den h\u00e4r bloggen f\u00e5r bli mina f\u00f6rsta stapplande steg tillbaka till det som en g\u00e5ng var.<\/p>\n<p>Mina inl\u00e4gg kommer att handla om allt och inget. Du f\u00e5r g\u00e4rna l\u00e4sa, kommentera och tycka till. Men orden \u00e4r mina, bloggen \u00e4r min och jag formar den precis som jag vill.<\/p>\n<p>&nbsp;<\/p>\n<p>&nbsp;<\/p>\n<p>Stort tack till N som g\u00f6r den h\u00e4r bloggen m\u00f6jlig.\u00a0Utan dig hade den aldrig blivit av.<\/p>\n<p>&nbsp;<\/p>\n<p>&nbsp;<\/p>\n<p>&nbsp;<\/p>\n<p>&nbsp;<\/p>\n","protected":false},"excerpt":{"rendered":"<p>Jag har startat den h\u00e4r bloggen f\u00f6r att f\u00f6rs\u00f6ka l\u00e4ra mig mig att skriva igen. Hitta orden jag av n\u00e5gon anledning har tappat bort. P\u00e5 nytt l\u00e4ra mig skriva texter som \u00e4r l\u00e4ngre \u00e4n statusuppdateringarna p\u00e5 Facebook, eller 140-teckenkomprimerade twitterinl\u00e4gg. &hellip; <a href=\"https:\/\/sanasi.se\/index.php\/om-bloggen\/\">L\u00e4s mer <span class=\"meta-nav\">&rarr;<\/span><\/a><\/p>\n","protected":false},"author":2,"featured_media":0,"parent":0,"menu_order":0,"comment_status":"open","ping_status":"open","template":"","meta":{"footnotes":""},"class_list":["post-59","page","type-page","status-publish","hentry"],"_links":{"self":[{"href":"https:\/\/sanasi.se\/index.php\/wp-json\/wp\/v2\/pages\/59","targetHints":{"allow":["GET"]}}],"collection":[{"href":"https:\/\/sanasi.se\/index.php\/wp-json\/wp\/v2\/pages"}],"about":[{"href":"https:\/\/sanasi.se\/index.php\/wp-json\/wp\/v2\/types\/page"}],"author":[{"embeddable":true,"href":"https:\/\/sanasi.se\/index.php\/wp-json\/wp\/v2\/users\/2"}],"replies":[{"embeddable":true,"href":"https:\/\/sanasi.se\/index.php\/wp-json\/wp\/v2\/comments?post=59"}],"version-history":[{"count":15,"href":"https:\/\/sanasi.se\/index.php\/wp-json\/wp\/v2\/pages\/59\/revisions"}],"predecessor-version":[{"id":76,"href":"https:\/\/sanasi.se\/index.php\/wp-json\/wp\/v2\/pages\/59\/revisions\/76"}],"wp:attachment":[{"href":"https:\/\/sanasi.se\/index.php\/wp-json\/wp\/v2\/media?parent=59"}],"curies":[{"name":"wp","href":"https:\/\/api.w.org\/{rel}","templated":true}]}}