{"id":11,"date":"2012-04-26T22:21:44","date_gmt":"2012-04-26T21:21:44","guid":{"rendered":"http:\/\/sanasi.se\/?page_id=11"},"modified":"2013-02-05T07:27:50","modified_gmt":"2013-02-05T06:27:50","slug":"om-mig","status":"publish","type":"page","link":"https:\/\/sanasi.se\/index.php\/om-mig\/","title":{"rendered":"Om mig"},"content":{"rendered":"<p><a href=\"http:\/\/sanasi.se\/wp-content\/uploads\/2012\/04\/06c6b05c9a6211e180d51231380fcd7e_7.jpg\"><img loading=\"lazy\" decoding=\"async\" class=\"alignleft size-thumbnail wp-image-103\" title=\"06c6b05c9a6211e180d51231380fcd7e_7\" src=\"http:\/\/sanasi.se\/wp-content\/uploads\/2012\/04\/06c6b05c9a6211e180d51231380fcd7e_7-150x150.jpg\" alt=\"\" width=\"150\" height=\"150\" srcset=\"https:\/\/sanasi.se\/wp-content\/uploads\/2012\/04\/06c6b05c9a6211e180d51231380fcd7e_7-150x150.jpg 150w, https:\/\/sanasi.se\/wp-content\/uploads\/2012\/04\/06c6b05c9a6211e180d51231380fcd7e_7-300x300.jpg 300w, https:\/\/sanasi.se\/wp-content\/uploads\/2012\/04\/06c6b05c9a6211e180d51231380fcd7e_7.jpg 612w\" sizes=\"auto, (max-width: 150px) 100vw, 150px\" \/><\/a><\/p>\n<p>Sarah Larsson Bernhardt heter jag. Nyfiken p\u00e5 allt som kommunicerar: oavsett om det \u00e4r i ord eller form. Jag har min grund i printreklam, och har jobbat i reklambranschen som art director i snart tio \u00e5r. Nu jobbar jag som content creator och med sociala medier. Jag \u00e4r gl\u00e4djespridande, impulsiv, envis, dr\u00f6mmande, och internetberoende. \u00c4lskar att cykla och framf\u00f6rallt p\u00e5 kn\u00f6liga underlag. Har ett &amp;-tecken intatuerat i nacken och en \u00f6verdriven fascination f\u00f6r typsnitt, reklam och sociala medier.<\/p>\n<p>&nbsp;<\/p>\n<p>Ni hittar mig \u00e4ven h\u00e4r:<\/p>\n<p>Twitter \u2013 <a href=\"https:\/\/twitter.com\/#!\/sa_na_si\">@sa_na_si<\/a><\/p>\n<p>Facebook \u2013 <a href=\"http:\/\/www.facebook.com\/slb.sanasi\">facebook.com\/slb.sanasi<\/a><\/p>\n<p>Pinterest \u2013 <a href=\"http:\/\/pinterest.com\/sa_na_si\/\">pinterest.com\/sa_na_si<\/a><\/p>\n<p>Tumblr \u2013 <a href=\"http:\/\/sanasi.tumblr.com\/\">sanasi.tumblr.com<\/a><\/p>\n<p>LinkedIn \u2013 <a href=\"http:\/\/www.linkedin.com\/pub\/sarah-larsson-bernhardt\/15\/703\/957\">Sarah Larsson Bernhardt<\/a><\/p>\n<p>Instagram \u2013 <a href=\"http:\/\/instagrid.me\/sa_na_si\/\">Sa_na_si<\/a><\/p>\n<p>sarah@bernhardt.it<\/p>\n<p>&nbsp;<\/p>\n<p>&nbsp;<\/p>\n<p>&nbsp;<\/p>\n<p>&nbsp;<\/p>\n<p>&nbsp;<\/p>\n<p>&nbsp;<\/p>\n<p>&nbsp;<\/p>\n<p>&nbsp;<\/p>\n","protected":false},"excerpt":{"rendered":"<p>Sarah Larsson Bernhardt heter jag. Nyfiken p\u00e5 allt som kommunicerar: oavsett om det \u00e4r i ord eller form. Jag har min grund i printreklam, och har jobbat i reklambranschen som art director i snart tio \u00e5r. Nu jobbar jag som &hellip; <a href=\"https:\/\/sanasi.se\/index.php\/om-mig\/\">L\u00e4s mer <span class=\"meta-nav\">&rarr;<\/span><\/a><\/p>\n","protected":false},"author":2,"featured_media":0,"parent":0,"menu_order":0,"comment_status":"open","ping_status":"open","template":"","meta":{"footnotes":""},"class_list":["post-11","page","type-page","status-publish","hentry"],"_links":{"self":[{"href":"https:\/\/sanasi.se\/index.php\/wp-json\/wp\/v2\/pages\/11","targetHints":{"allow":["GET"]}}],"collection":[{"href":"https:\/\/sanasi.se\/index.php\/wp-json\/wp\/v2\/pages"}],"about":[{"href":"https:\/\/sanasi.se\/index.php\/wp-json\/wp\/v2\/types\/page"}],"author":[{"embeddable":true,"href":"https:\/\/sanasi.se\/index.php\/wp-json\/wp\/v2\/users\/2"}],"replies":[{"embeddable":true,"href":"https:\/\/sanasi.se\/index.php\/wp-json\/wp\/v2\/comments?post=11"}],"version-history":[{"count":16,"href":"https:\/\/sanasi.se\/index.php\/wp-json\/wp\/v2\/pages\/11\/revisions"}],"predecessor-version":[{"id":549,"href":"https:\/\/sanasi.se\/index.php\/wp-json\/wp\/v2\/pages\/11\/revisions\/549"}],"wp:attachment":[{"href":"https:\/\/sanasi.se\/index.php\/wp-json\/wp\/v2\/media?parent=11"}],"curies":[{"name":"wp","href":"https:\/\/api.w.org\/{rel}","templated":true}]}}